{"id":3,"date":"2023-05-28T09:07:07","date_gmt":"2023-05-28T09:07:07","guid":{"rendered":"http:\/\/nsengo.com\/?page_id=3"},"modified":"2023-06-11T11:31:56","modified_gmt":"2023-06-11T11:31:56","slug":"privacy-policy","status":"publish","type":"page","link":"https:\/\/nsengo.com\/en\/privacy-policy","title":{"rendered":"Mentions L\u00e9gales"},"content":{"rendered":"<div data-elementor-type=\"wp-page\" data-elementor-id=\"3\" class=\"elementor elementor-3\">\n\t\t\t\t\t\t<section class=\"elementor-section elementor-top-section elementor-element elementor-element-3c69fd60 elementor-section-boxed elementor-section-height-default elementor-section-height-default\" data-id=\"3c69fd60\" data-element_type=\"section\">\n\t\t\t\t\t\t<div class=\"elementor-container elementor-column-gap-default\">\n\t\t\t\t\t<div class=\"elementor-column elementor-col-100 elementor-top-column elementor-element elementor-element-6fad6e2e\" data-id=\"6fad6e2e\" data-element_type=\"column\">\n\t\t\t<div class=\"elementor-widget-wrap elementor-element-populated\">\n\t\t\t\t\t\t<div class=\"elementor-element elementor-element-44937229 elementor-widget elementor-widget-text-editor\" data-id=\"44937229\" data-element_type=\"widget\" data-widget_type=\"text-editor.default\">\n\t\t\t\t<div class=\"elementor-widget-container\">\n\t\t\t\t\t\t\t\t\t\n<h2 class=\"wp-block-heading\">Who are we?<\/h2>\n\n\n\n<p>Our website: https:\/\/nsengo.com<\/p>\n\n\n\n<p>This site is published by SCE PAL NSENGO: a simplified joint-stock company with a capital of \u20ac50,000, registered with the RCS of ROUEN under the unique identification number 922 338 796.<\/p>\n\n\n\n<p>Head office: 24 rue pav\u00e9e 76230 Rouen<br>Intra-community VAT number: FR70922338796<br>APE number : 6619B<\/p>\n\n\n\n<p>Publication Director: Eva Wolf of the agency <a href=\"http:\/\/askwolf.agency\" title=\"ASK WOLF\">ASK WOLF<\/a>.<\/p>\n\n\n\n<p>Contact email: support@askwolf.agency<\/p>\n\n\n\n<p>Hosting<br>The site is hosted by IONOS, 7, place de la gare, BP 70109 57201 Sarreguemines Cedex on the servers of <a href=\"http:\/\/www.ionos.fr\" title=\"www.ionos.fr\">www.ionos.fr<\/a>The sites and services of NSENGO are subject to French law.<\/p>\n\n\n\n<p>The contents of the site and its use are governed by French law. All users acknowledge the competence of French courts in case of litigation relating to the content or use of the site, with the competent court being the one closest to the publisher.<\/p>\n\n\n\n<h2 class=\"wp-block-heading\">Comments<\/h2>\n\n\n\n<p>When visitors leave comments on the site, we collect the data shown in the comment form, as well as the IP address and browser user agent string to help spam detection.<\/p>\n\n\n\n<p>An anonymized string created from your email address (also called a hash) may be provided to the Gravatar service to see if you are using it.\nGravatar\u2019s privacy policy is available here: https:\/\/automattic.com\/privacy\/\nAfter your comment is approved, your profile picture is visible to the public next to your comment.<\/p>\n\n\n\n<h2 class=\"wp-block-heading\">Media<\/h2>\n\n\n\n<p>If you upload images to the website, you should avoid uploading images with embedded location data (EXIF GPS).\nVisitors to the website can download and extract any location data from images on the website.<\/p>\n\n\n\n<h2 class=\"wp-block-heading\">Cookies<\/h2>\n\n\n\n<p>If you leave a comment on our site, you may choose to save your name, email address and website in cookies.\nThese are for your convenience so that you do not have to fill in your details again when you leave another comment. These cookies will last for one year.\n\nIf you visit our login page, we will set a temporary cookie to determine if your browser accepts cookies.\nThis cookie contains no personal data and is discarded when you close your browser.<\/p>\n\n\n\n<p>When you log in, we will also set up several cookies to save your login information and screen display choices. Login cookies last for two days, and screen options cookies last for a year. If you select \u201cRemember Me\u201d, your login will persist for two weeks. If you log out of your account, the login cookies will be removed.<\/p>\n\n\n\n<p>If you edit or publish an article, an additional cookie will be saved in your browser. This cookie includes no personal data and simply indicates the post ID of the article you just edited. It expires after 1 day.<\/p>\n\n\n\n<p>Articles on this site may include embedded content (e.g. videos, images, articles, etc.). Embedded content from other websites behaves in exactly the same way as if the visitor had visited the other website.<\/p>\n\n\n\n<p>These websites may collect data about you, use cookies, embed additional third-party tracking, and monitor your interaction with that embedded content, including tracking your interaction if you have an account and are logged in to that website.<\/p>\n\n\n\n<h2 class=\"wp-block-heading\">Who we share your data with<\/h2>\n\n\n\n<p>If you request a password reset, your IP address will be included in the reset email.<\/p>\n\n\n\n<p>If you leave a comment, the comment and its metadata are retained indefinitely. This allows us to recognize and approve any follow-up comments automatically instead of holding them in a moderation queue.<\/p>\n\n\n\n<p>For users who register on our website (if applicable), we also store the personal information they provide in their user profile. All users can see, edit, or delete their personal information at any time (except they cannot change their username). Website administrators can also see and edit that information.<\/p>\n\n\n\n<h2 class=\"wp-block-heading\">What rights you have over your data<\/h2>\n\n\n\n<p>If you have an account on this site, or if you have left comments, you can request to receive a file containing all the personal data we hold about you, including any data you have provided to us. You can also request the deletion of your personal data. This does not include any data we are obliged to keep for administrative, legal, or security purposes.<\/p>\n\n\n\n<p>Visitor comments may be checked through an automated spam detection service.<\/p>\n\n\n\n<h2 class=\"wp-block-heading\">Contact<\/h2>\n\n\n\n<p>contact@nsengo.com<\/p>\n\t\t\t\t\t\t\t\t<\/div>\n\t\t\t\t<\/div>\n\t\t\t\t\t<\/div>\n\t\t<\/div>\n\t\t\t\t\t<\/div>\n\t\t<\/section>\n\t\t\t\t<\/div>\n\t\t\n    <div class=\"xs_social_share_widget xs_share_url after_content \t\tmain_content  wslu-style-1 wslu-share-box-shaped wslu-fill-colored wslu-none wslu-share-horizontal wslu-theme-font-no wslu-main_content\">\n\n\t\t\n        <ul>\n\t\t\t        <\/ul>\n    <\/div>","protected":false},"excerpt":{"rendered":"<p>Qui sommes-nous ? Notre site internet : https:\/\/nsengo.com. Ce site est publi\u00e9 par SAS NSENGO : Soci\u00e9t\u00e9 par actions simplifi\u00e9e au capital de 50 000 euros, immatricul\u00e9e au RCS de ROUEN sous le num\u00e9ro unique d&rsquo;identification 922 388 798. Si\u00e8ge social : 24 rue pav\u00e9e 76230 Rouen.Num\u00e9ro TVA intracommunautaire :<\/p>","protected":false},"author":1,"featured_media":0,"parent":0,"menu_order":0,"comment_status":"closed","ping_status":"closed","template":"","meta":{"content-type":"","om_disable_all_campaigns":false,"inline_featured_image":false,"_monsterinsights_skip_tracking":false,"_monsterinsights_sitenote_active":false,"_monsterinsights_sitenote_note":"","_monsterinsights_sitenote_category":0,"footnotes":""},"class_list":["post-3","page","type-page","status-publish","hentry"],"aioseo_notices":[],"_links":{"self":[{"href":"https:\/\/nsengo.com\/en\/wp-json\/wp\/v2\/pages\/3","targetHints":{"allow":["GET"]}}],"collection":[{"href":"https:\/\/nsengo.com\/en\/wp-json\/wp\/v2\/pages"}],"about":[{"href":"https:\/\/nsengo.com\/en\/wp-json\/wp\/v2\/types\/page"}],"author":[{"embeddable":true,"href":"https:\/\/nsengo.com\/en\/wp-json\/wp\/v2\/users\/1"}],"replies":[{"embeddable":true,"href":"https:\/\/nsengo.com\/en\/wp-json\/wp\/v2\/comments?post=3"}],"version-history":[{"count":6,"href":"https:\/\/nsengo.com\/en\/wp-json\/wp\/v2\/pages\/3\/revisions"}],"predecessor-version":[{"id":3601,"href":"https:\/\/nsengo.com\/en\/wp-json\/wp\/v2\/pages\/3\/revisions\/3601"}],"wp:attachment":[{"href":"https:\/\/nsengo.com\/en\/wp-json\/wp\/v2\/media?parent=3"}],"curies":[{"name":"wp","href":"https:\/\/api.w.org\/{rel}","templated":true}]}}